{"id":629,"date":"2022-01-07T10:50:37","date_gmt":"2022-01-07T10:50:37","guid":{"rendered":"https:\/\/chemins-essenciel.fr\/?page_id=629"},"modified":"2022-04-10T20:28:00","modified_gmt":"2022-04-10T20:28:00","slug":"boostez-vous","status":"publish","type":"page","link":"https:\/\/chemins-essenciel.fr\/?page_id=629","title":{"rendered":"Et juste pour aujourd&rsquo;hui"},"content":{"rendered":"\n<h2 class=\"wp-block-heading\" style=\"font-size:25px;text-transform:capitalize\">Et juste pour aujourd&rsquo;hui&#8230;<\/h2>\n\n\n\n<p class=\"has-text-align-center has-black-color has-text-color has-medium-font-size\">Laissez-vous guider par votre<strong> intuition<\/strong>!<br> <strong>S\u00e9lectionnez l&rsquo;image<\/strong> qui vous inspire et<mark style=\"background-color:rgba(0, 0, 0, 0)\" class=\"has-inline-color has-ast-global-color-0-color\"> <\/mark><strong>d\u00e9couvrez<\/strong><mark style=\"background-color:rgba(0, 0, 0, 0)\" class=\"has-inline-color has-ast-global-color-0-color\">  <\/mark>la citation qui y est associ\u00e9e.<br> Gardez la en t\u00eate pour la journ\u00e9e,<strong> comme un mantra <\/strong>qui vous guide&#8230;<br> <strong>&#8230;Juste pour aujourd&rsquo;hui<\/strong><\/p>\n\n\n\n<div id=\"[robo-gallery-id=&quot;1174&quot;]\" class=\"wp-block-group is-layout-flow wp-block-group-is-layout-flow\"><style type=\"text\/css\" scoped>.rbs_gallery_69d0f8be8471eSpinner{\r\n\t\t\t\tmargin: 50px auto;\r\n\t\t\t\twidth: 50px;\r\n\t\t\t\theight: 40px;\r\n\t\t\t\ttext-align: center;\r\n\t\t\t\tfont-size: 10px;\r\n\t\t\t}\r\n\t\t\t.rbs_gallery_69d0f8be8471eSpinner > div{\r\n\t\t\t  background-color: #333;\r\n\t\t\t  height: 100%;\r\n\t\t\t  width: 6px;\r\n\t\t\t  display: inline-block;\r\n\t\t\t  -webkit-animation: rbs_gallery_69d0f8be8471e-stretchdelay 1.2s infinite ease-in-out;\r\n\t\t\t  animation: rbs_gallery_69d0f8be8471e-stretchdelay 1.2s infinite ease-in-out;\r\n\t\t\t}\r\n\t\t\t.rbs_gallery_69d0f8be8471eSpinner .rbs_gallery_69d0f8be8471eRect2 {\r\n\t\t\t  -webkit-animation-delay: -1.1s;\r\n\t\t\t  animation-delay: -1.1s;\r\n\t\t\t}\r\n\t\t\t.rbs_gallery_69d0f8be8471eSpinner .rbs_gallery_69d0f8be8471eRect3 {\r\n\t\t\t  -webkit-animation-delay: -1.0s;\r\n\t\t\t  animation-delay: -1.0s;\r\n\t\t\t}\r\n\t\t\t.rbs_gallery_69d0f8be8471eSpinner .rbs_gallery_69d0f8be8471eRect4 {\r\n\t\t\t  -webkit-animation-delay: -0.9s;\r\n\t\t\t  animation-delay: -0.9s;\r\n\t\t\t}\r\n\t\t\t.rbs_gallery_69d0f8be8471eSpinner .rbs_gallery_69d0f8be8471eRect5 {\r\n\t\t\t  -webkit-animation-delay: -0.8s;\r\n\t\t\t  animation-delay: -0.8s;\r\n\t\t\t}\r\n\t\t\t@-webkit-keyframes rbs_gallery_69d0f8be8471e-stretchdelay {\r\n\t\t\t  0%, 40%, 100% { -webkit-transform: scaleY(0.4) }  \r\n\t\t\t  20% { -webkit-transform: scaleY(1.0) }\r\n\t\t\t}\r\n\t\t\t@keyframes rbs_gallery_69d0f8be8471e-stretchdelay {\r\n\t\t\t  0%, 40%, 100% { \r\n\t\t\t    transform: scaleY(0.4);\r\n\t\t\t    -webkit-transform: scaleY(0.4);\r\n\t\t\t  }  20% { \r\n\t\t\t    transform: scaleY(1.0);\r\n\t\t\t    -webkit-transform: scaleY(1.0);\r\n\t\t\t  }\r\n\t\t\t}\r\n\t\t<\/style><div class=\"robo-gallery-wrap robo-gallery-wrap-id1174 robo-gallery-polaroid\"  oncontextmenu=\"return false\"  onselectstart=\"return false\"  ondragstart=\"return false\" ><div id=\"rbs_gallery_69d0f8be8471e-block-loader\" class=\"rbs_gallery_69d0f8be8471eSpinner\"><div class=\"rbs_gallery_69d0f8be8471eRect1\"><\/div> <div class=\"rbs_gallery_69d0f8be8471eRect2\"><\/div> <div class=\"rbs_gallery_69d0f8be8471eRect3\"><\/div> <div class=\"rbs_gallery_69d0f8be8471eRect4\"><\/div> <div class=\"rbs_gallery_69d0f8be8471eRect5\"><\/div><\/div><div id=\"robo_gallery_main_block_rbs_gallery_69d0f8be8471e\" class=\"robogallery-gallery-1174\" style=\"width:100%;margin:0 auto;  display: none;\"><div id=\"rbs_gallery_69d0f8be8471e\" data-options=\"rbs_gallery_69d0f8be8471e\" style=\"width:100%;\" class=\"robo_gallery  \"><div class=\"rbs-img  category1174 \" ><div class=\"rbs-img-image   rbs-lightbox \" ><div class=\"rbs-img-thumbs\"  data-thumbnail=\"https:\/\/chemins-essenciel.fr\/wp-content\/uploads\/2022\/04\/20220409_010840.jpg\"  title=\"\"  data-width=\"479\"  data-height=\"530\" ><\/div><div class=\"rbs-img-data-popup\"  data-popup=\"https:\/\/chemins-essenciel.fr\/wp-content\/uploads\/2022\/04\/20220409_010840.jpg\"  title=\"\u00abLes larmes sont un don. Souvent, les pleurs, apr\u00e8s l&#039;erreur ou l&#039;abandon, raniment nos forces bris\u00e9es\u00a0\u00bb. \nVictor Hugo\" ><\/div><div class=\"thumbnail-overlay\"><div class=\"rbsTitle \"><\/div><div class=\"rbsIcons\"><i class=\"fa fa-th rbsZoomIcon \" ><\/i><\/div><\/div><\/div><\/div><div class=\"rbs-img  category1174 \" ><div class=\"rbs-img-image   rbs-lightbox \" ><div class=\"rbs-img-thumbs\"  data-thumbnail=\"https:\/\/chemins-essenciel.fr\/wp-content\/uploads\/2022\/04\/20220409_010801.jpg\"  title=\"\"  data-width=\"799\"  data-height=\"600\" ><\/div><div class=\"rbs-img-data-popup\"  data-popup=\"https:\/\/chemins-essenciel.fr\/wp-content\/uploads\/2022\/04\/20220409_010801.jpg\"  title=\"\u00ab\u00a0Le vrai bonheur ne d\u00e9pend d\u2019aucun \u00eatre, d\u2019aucun objet ext\u00e9rieur. Il ne d\u00e9pend que de nous\u00a0\u00bb \nDala\u00ef Lama\n\" ><\/div><div class=\"thumbnail-overlay\"><div class=\"rbsTitle \"><\/div><div class=\"rbsIcons\"><i class=\"fa fa-th rbsZoomIcon \" ><\/i><\/div><\/div><\/div><\/div><div class=\"rbs-img  category1174 \" ><div class=\"rbs-img-image   rbs-lightbox \" ><div class=\"rbs-img-thumbs\"  data-thumbnail=\"https:\/\/chemins-essenciel.fr\/wp-content\/uploads\/2022\/04\/InCollage_20220409_012047893-scaled.jpg\"  title=\"\"  data-width=\"2560\"  data-height=\"2560\" ><\/div><div class=\"rbs-img-data-popup\"  data-popup=\"https:\/\/chemins-essenciel.fr\/wp-content\/uploads\/2022\/04\/InCollage_20220409_012047893-scaled.jpg\"  title=\"\u00ab S\u2019il n\u2019y avait pas d\u2019hiver, le printemps ne serait pas si agr\u00e9able : si nous ne go\u00fbtions pas l\u2019adversit\u00e9, la r\u00e9ussite ne serait pas tant appr\u00e9ci\u00e9e \u00bb Anne Bradstreet\" ><\/div><div class=\"thumbnail-overlay\"><div class=\"rbsTitle \"><\/div><div class=\"rbsIcons\"><i class=\"fa fa-th rbsZoomIcon \" ><\/i><\/div><\/div><\/div><\/div><div class=\"rbs-img  category1174 \" ><div class=\"rbs-img-image   rbs-lightbox \" ><div class=\"rbs-img-thumbs\"  data-thumbnail=\"https:\/\/chemins-essenciel.fr\/wp-content\/uploads\/2022\/04\/20220409_010512.jpg\"  title=\"\"  data-width=\"648\"  data-height=\"646\" ><\/div><div class=\"rbs-img-data-popup\"  data-popup=\"https:\/\/chemins-essenciel.fr\/wp-content\/uploads\/2022\/04\/20220409_010512.jpg\"  title=\"&quot;Poussez la porte, le soleil est \u00e0 l&#039;int\u00e9rieur&quot; Paul Noug\u00e9\" ><\/div><div class=\"thumbnail-overlay\"><div class=\"rbsTitle \"><\/div><div class=\"rbsIcons\"><i class=\"fa fa-th rbsZoomIcon \" ><\/i><\/div><\/div><\/div><\/div><div class=\"rbs-img  category1174 \" ><div class=\"rbs-img-image   rbs-lightbox \" ><div class=\"rbs-img-thumbs\"  data-thumbnail=\"https:\/\/chemins-essenciel.fr\/wp-content\/uploads\/2022\/04\/InCollage_20220409_093925972-scaled.jpg\"  title=\"\"  data-width=\"2560\"  data-height=\"2560\" ><\/div><div class=\"rbs-img-data-popup\"  data-popup=\"https:\/\/chemins-essenciel.fr\/wp-content\/uploads\/2022\/04\/InCollage_20220409_093925972-scaled.jpg\"  title=\"\u00ab\u00a0Que ta vie soit comme une fleur sauvage, poussant librement dans la beaut\u00e9 et la joie de chaque jour.\u00a0\u00bb Sagesse Am\u00e9rindienne\" ><\/div><div class=\"thumbnail-overlay\"><div class=\"rbsTitle \"><\/div><div class=\"rbsIcons\"><i class=\"fa fa-th rbsZoomIcon \" ><\/i><\/div><\/div><\/div><\/div><div class=\"rbs-img  category1174 \" ><div class=\"rbs-img-image   rbs-lightbox \" ><div class=\"rbs-img-thumbs\"  data-thumbnail=\"https:\/\/chemins-essenciel.fr\/wp-content\/uploads\/2022\/04\/20220409_010625.jpg\"  title=\"\"  data-width=\"536\"  data-height=\"506\" ><\/div><div class=\"rbs-img-data-popup\"  data-popup=\"https:\/\/chemins-essenciel.fr\/wp-content\/uploads\/2022\/04\/20220409_010625.jpg\"  title=\"&quot;Le v\u00e9ritable voyage de d\u00e9couverte ne consiste pas \u00e0 chercher de nouveaux paysages, mais \u00e0 voir avec de nouveaux yeux&quot; Marcel Proust\" ><\/div><div class=\"thumbnail-overlay\"><div class=\"rbsTitle \"><\/div><div class=\"rbsIcons\"><i class=\"fa fa-th rbsZoomIcon \" ><\/i><\/div><\/div><\/div><\/div><div class=\"rbs-img  category1174 \" ><div class=\"rbs-img-image   rbs-lightbox \" ><div class=\"rbs-img-thumbs\"  data-thumbnail=\"https:\/\/chemins-essenciel.fr\/wp-content\/uploads\/2022\/04\/20220409_010559.jpg\"  title=\"\"  data-width=\"826\"  data-height=\"624\" ><\/div><div class=\"rbs-img-data-popup\"  data-popup=\"https:\/\/chemins-essenciel.fr\/wp-content\/uploads\/2022\/04\/20220409_010559.jpg\"  title=\"&quot;\u00catre heureux ne signifie pas que tout est parfait, cela signifie que vous avez d\u00e9cid\u00e9 de regarder au-del\u00e0 des imperfections&quot; Aristote \" ><\/div><div class=\"thumbnail-overlay\"><div class=\"rbsTitle \"><\/div><div class=\"rbsIcons\"><i class=\"fa fa-th rbsZoomIcon \" ><\/i><\/div><\/div><\/div><\/div><div class=\"rbs-img  category1174 \" ><div class=\"rbs-img-image   rbs-lightbox \" ><div class=\"rbs-img-thumbs\"  data-thumbnail=\"https:\/\/chemins-essenciel.fr\/wp-content\/uploads\/2022\/04\/20220409_010700.jpg\"  title=\"\"  data-width=\"651\"  data-height=\"550\" ><\/div><div class=\"rbs-img-data-popup\"  data-popup=\"https:\/\/chemins-essenciel.fr\/wp-content\/uploads\/2022\/04\/20220409_010700.jpg\"  title=\"&quot; La vie est comme un arc-en-ciel : il faut de la pluie et du soleil pour en voir les couleurs&quot; Jules Renard\" ><\/div><div class=\"thumbnail-overlay\"><div class=\"rbsTitle \"><\/div><div class=\"rbsIcons\"><i class=\"fa fa-th rbsZoomIcon \" ><\/i><\/div><\/div><\/div><\/div><div class=\"rbs-img  category1174 \" ><div class=\"rbs-img-image   rbs-lightbox \" ><div class=\"rbs-img-thumbs\"  data-thumbnail=\"https:\/\/chemins-essenciel.fr\/wp-content\/uploads\/2022\/04\/20220409_010047.jpg\"  title=\"\"  data-width=\"472\"  data-height=\"658\" ><\/div><div class=\"rbs-img-data-popup\"  data-popup=\"https:\/\/chemins-essenciel.fr\/wp-content\/uploads\/2022\/04\/20220409_010047.jpg\"  title=\"\u00ab\u00a0Les \u00eatres sont comme des fleurs uniques. Chacun s\u2019ouvre et s\u2019\u00e9panouit \u00e0 sa mani\u00e8re et \u00e0 son propre rythme\u00a0\u00bb Sagesse Am\u00e9rindienne\" ><\/div><div class=\"thumbnail-overlay\"><div class=\"rbsTitle \"><\/div><div class=\"rbsIcons\"><i class=\"fa fa-th rbsZoomIcon \" ><\/i><\/div><\/div><\/div><\/div><div class=\"rbs-img  category1174 \" ><div class=\"rbs-img-image   rbs-lightbox \" ><div class=\"rbs-img-thumbs\"  data-thumbnail=\"https:\/\/chemins-essenciel.fr\/wp-content\/uploads\/2022\/04\/20220409_005448.jpg\"  title=\"\"  data-width=\"557\"  data-height=\"602\" ><\/div><div class=\"rbs-img-data-popup\"  data-popup=\"https:\/\/chemins-essenciel.fr\/wp-content\/uploads\/2022\/04\/20220409_005448.jpg\"  title=\"&quot;La gratitude peut transformer votre routine en jours de f\u00eate&quot; William Arthur Ward\" ><\/div><div class=\"thumbnail-overlay\"><div class=\"rbsTitle \"><\/div><div class=\"rbsIcons\"><i class=\"fa fa-th rbsZoomIcon \" ><\/i><\/div><\/div><\/div><\/div><div class=\"rbs-img  category1174 \" ><div class=\"rbs-img-image   rbs-lightbox \" ><div class=\"rbs-img-thumbs\"  data-thumbnail=\"https:\/\/chemins-essenciel.fr\/wp-content\/uploads\/2022\/04\/20220409_010150.jpg\"  title=\"\"  data-width=\"578\"  data-height=\"575\" ><\/div><div class=\"rbs-img-data-popup\"  data-popup=\"https:\/\/chemins-essenciel.fr\/wp-content\/uploads\/2022\/04\/20220409_010150.jpg\"  title=\"&quot;Imitons l&#039;abeille, elle fait de grande randonn\u00e9es, sans perdre son objectif&quot; ANatole France\" ><\/div><div class=\"thumbnail-overlay\"><div class=\"rbsTitle \"><\/div><div class=\"rbsIcons\"><i class=\"fa fa-th rbsZoomIcon \" ><\/i><\/div><\/div><\/div><\/div><div class=\"rbs-img  category1174 \" ><div class=\"rbs-img-image   rbs-lightbox \" ><div class=\"rbs-img-thumbs\"  data-thumbnail=\"https:\/\/chemins-essenciel.fr\/wp-content\/uploads\/2022\/04\/InCollage_20220409_012251265-scaled.jpg\"  title=\"\"  data-width=\"2560\"  data-height=\"2560\" ><\/div><div class=\"rbs-img-data-popup\"  data-popup=\"https:\/\/chemins-essenciel.fr\/wp-content\/uploads\/2022\/04\/InCollage_20220409_012251265-scaled.jpg\"  title=\"&quot;Toute action positive sur une partie de la conscience se r\u00e9percute sur la totalit\u00e9 de l&#039;Etre&quot;. Alphonso Caycedo \" ><\/div><div class=\"thumbnail-overlay\"><div class=\"rbsTitle \"><\/div><div class=\"rbsIcons\"><i class=\"fa fa-th rbsZoomIcon \" ><\/i><\/div><\/div><\/div><\/div><div class=\"rbs-img  category1174 \" ><div class=\"rbs-img-image   rbs-lightbox \" ><div class=\"rbs-img-thumbs\"  data-thumbnail=\"https:\/\/chemins-essenciel.fr\/wp-content\/uploads\/2022\/04\/20220409_005959.jpg\"  title=\"\"  data-width=\"563\"  data-height=\"616\" ><\/div><div class=\"rbs-img-data-popup\"  data-popup=\"https:\/\/chemins-essenciel.fr\/wp-content\/uploads\/2022\/04\/20220409_005959.jpg\"  title=\"\u00ab\u00a0 Rien ne ressemble \u00e0 une \u00e2me comme une abeille, elle va de fleur en fleur comme une \u00e2me d\u2019\u00e9toile en \u00e9toile, et elle rapporte le miel comme l\u2019\u00e2me rapporte la lumi\u00e8re\u00a0\u00bb. Victor Hugo \n\" ><\/div><div class=\"thumbnail-overlay\"><div class=\"rbsTitle \"><\/div><div class=\"rbsIcons\"><i class=\"fa fa-th rbsZoomIcon \" ><\/i><\/div><\/div><\/div><\/div><\/div><\/div><\/div><script>var rbs_gallery_69d0f8be8471e = {\"version\":\"5.0.7\",\"id\":1174,\"class\":\"id1174\",\"roboGalleryDelay\":1000,\"mainContainer\":\"#robo_gallery_main_block_rbs_gallery_69d0f8be8471e\",\"loadingContainer\":\"#rbs_gallery_69d0f8be8471e-block-loader\",\"loadingContainerObj\":\"rbs_gallery_69d0f8be8471e-block-loader\",\"columnWidth\":\"auto\",\"columns\":3,\"resolutions\":[{\"columnWidth\":\"auto\",\"columns\":3,\"maxWidth\":960},{\"columnWidth\":\"auto\",\"columns\":2,\"maxWidth\":650},{\"columnWidth\":\"auto\",\"columns\":1,\"maxWidth\":450}],\"protectionEnable\":true,\"lightboxOptions\":{\"gallery\":{\"enabled\":true,\"tCounter\":\"%curr% of %total%\"}},\"overlayEffect\":\"direction-aware-fade\",\"boxesToLoadStart\":22,\"boxesToLoad\":8,\"waitUntilThumbLoads\":1,\"LoadingWord\":\"Loading...\",\"loadMoreWord\":\"Load More\",\"noMoreEntriesWord\":\"No More Entries\",\"horizontalSpaceBetweenBoxes\":15,\"verticalSpaceBetweenBoxes\":15,\"lazyLoad\":0,\"wrapContainer\":\"#robo-gallery-wrap-rbs_gallery_69d0f8be8471e\"};<\/script>\n\n\n<p><\/p>\n<\/div>\n","protected":false},"excerpt":{"rendered":"<p>Et juste pour aujourd&rsquo;hui&#8230; Laissez-vous guider par votre intuition! S\u00e9lectionnez l&rsquo;image qui vous inspire et d\u00e9couvrez la citation qui y est associ\u00e9e. Gardez la en t\u00eate pour la journ\u00e9e, comme un mantra qui vous guide&#8230; &#8230;Juste pour aujourd&rsquo;hui<\/p>\n","protected":false},"author":1,"featured_media":0,"parent":217,"menu_order":0,"comment_status":"closed","ping_status":"closed","template":"","meta":{"om_disable_all_campaigns":false,"_monsterinsights_skip_tracking":false,"_monsterinsights_sitenote_active":false,"_monsterinsights_sitenote_note":"","_monsterinsights_sitenote_category":0,"site-sidebar-layout":"no-sidebar","site-content-layout":"page-builder","ast-site-content-layout":"default","site-content-style":"default","site-sidebar-style":"default","ast-global-header-display":"","ast-banner-title-visibility":"","ast-main-header-display":"","ast-hfb-above-header-display":"","ast-hfb-below-header-display":"","ast-hfb-mobile-header-display":"","site-post-title":"disabled","ast-breadcrumbs-content":"","ast-featured-img":"disabled","footer-sml-layout":"","theme-transparent-header-meta":"","adv-header-id-meta":"","stick-header-meta":"","header-above-stick-meta":"","header-main-stick-meta":"","header-below-stick-meta":"","astra-migrate-meta-layouts":"default","ast-page-background-enabled":"default","ast-page-background-meta":{"desktop":{"background-color":"","background-image":"","background-repeat":"repeat","background-position":"center center","background-size":"auto","background-attachment":"scroll","background-type":"","background-media":"","overlay-type":"","overlay-color":"","overlay-opacity":"","overlay-gradient":""},"tablet":{"background-color":"","background-image":"","background-repeat":"repeat","background-position":"center center","background-size":"auto","background-attachment":"scroll","background-type":"","background-media":"","overlay-type":"","overlay-color":"","overlay-opacity":"","overlay-gradient":""},"mobile":{"background-color":"","background-image":"","background-repeat":"repeat","background-position":"center center","background-size":"auto","background-attachment":"scroll","background-type":"","background-media":"","overlay-type":"","overlay-color":"","overlay-opacity":"","overlay-gradient":""}},"ast-content-background-meta":{"desktop":{"background-color":"var(--ast-global-color-5)","background-image":"","background-repeat":"repeat","background-position":"center center","background-size":"auto","background-attachment":"scroll","background-type":"","background-media":"","overlay-type":"","overlay-color":"","overlay-opacity":"","overlay-gradient":""},"tablet":{"background-color":"var(--ast-global-color-5)","background-image":"","background-repeat":"repeat","background-position":"center center","background-size":"auto","background-attachment":"scroll","background-type":"","background-media":"","overlay-type":"","overlay-color":"","overlay-opacity":"","overlay-gradient":""},"mobile":{"background-color":"var(--ast-global-color-5)","background-image":"","background-repeat":"repeat","background-position":"center center","background-size":"auto","background-attachment":"scroll","background-type":"","background-media":"","overlay-type":"","overlay-color":"","overlay-opacity":"","overlay-gradient":""}},"footnotes":""},"class_list":["post-629","page","type-page","status-publish","hentry"],"yoast_head":"<!-- This site is optimized with the Yoast SEO plugin v19.8 - https:\/\/yoast.com\/wordpress\/plugins\/seo\/ -->\n<title>Et juste pour aujourd&#039;hui - chemins-essenciel.fr<\/title>\n<meta name=\"robots\" content=\"index, follow, max-snippet:-1, max-image-preview:large, max-video-preview:-1\" \/>\n<link rel=\"canonical\" href=\"https:\/\/chemins-essenciel.fr\/?page_id=629\" \/>\n<meta property=\"og:locale\" content=\"fr_FR\" \/>\n<meta property=\"og:type\" content=\"article\" \/>\n<meta property=\"og:title\" content=\"Et juste pour aujourd&#039;hui - chemins-essenciel.fr\" \/>\n<meta property=\"og:description\" content=\"Et juste pour aujourd&rsquo;hui&#8230; Laissez-vous guider par votre intuition! S\u00e9lectionnez l&rsquo;image qui vous inspire et d\u00e9couvrez la citation qui y est associ\u00e9e. Gardez la en t\u00eate pour la journ\u00e9e, comme un mantra qui vous guide&#8230; &#8230;Juste pour aujourd&rsquo;hui\" \/>\n<meta property=\"og:url\" content=\"https:\/\/chemins-essenciel.fr\/?page_id=629\" \/>\n<meta property=\"og:site_name\" content=\"chemins-essenciel.fr\" \/>\n<meta property=\"article:modified_time\" content=\"2022-04-10T20:28:00+00:00\" \/>\n<meta name=\"twitter:card\" content=\"summary_large_image\" \/>\n<script type=\"application\/ld+json\" class=\"yoast-schema-graph\">{\"@context\":\"https:\/\/schema.org\",\"@graph\":[{\"@type\":\"WebPage\",\"@id\":\"https:\/\/chemins-essenciel.fr\/?page_id=629\",\"url\":\"https:\/\/chemins-essenciel.fr\/?page_id=629\",\"name\":\"Et juste pour aujourd'hui - chemins-essenciel.fr\",\"isPartOf\":{\"@id\":\"https:\/\/chemins-essenciel.fr\/#website\"},\"datePublished\":\"2022-01-07T10:50:37+00:00\",\"dateModified\":\"2022-04-10T20:28:00+00:00\",\"breadcrumb\":{\"@id\":\"https:\/\/chemins-essenciel.fr\/?page_id=629#breadcrumb\"},\"inLanguage\":\"fr-FR\",\"potentialAction\":[{\"@type\":\"ReadAction\",\"target\":[\"https:\/\/chemins-essenciel.fr\/?page_id=629\"]}]},{\"@type\":\"BreadcrumbList\",\"@id\":\"https:\/\/chemins-essenciel.fr\/?page_id=629#breadcrumb\",\"itemListElement\":[{\"@type\":\"ListItem\",\"position\":1,\"name\":\"Accueil\",\"item\":\"https:\/\/chemins-essenciel.fr\/\"},{\"@type\":\"ListItem\",\"position\":2,\"name\":\"Les Chemins de l&rsquo;EssenCiel\",\"item\":\"https:\/\/chemins-essenciel.fr\/\"},{\"@type\":\"ListItem\",\"position\":3,\"name\":\"Et juste pour aujourd&rsquo;hui\"}]},{\"@type\":\"WebSite\",\"@id\":\"https:\/\/chemins-essenciel.fr\/#website\",\"url\":\"https:\/\/chemins-essenciel.fr\/\",\"name\":\"chemins-essenciel.fr\",\"description\":\"Just another WordPress site\",\"publisher\":{\"@id\":\"https:\/\/chemins-essenciel.fr\/#organization\"},\"potentialAction\":[{\"@type\":\"SearchAction\",\"target\":{\"@type\":\"EntryPoint\",\"urlTemplate\":\"https:\/\/chemins-essenciel.fr\/?s={search_term_string}\"},\"query-input\":\"required name=search_term_string\"}],\"inLanguage\":\"fr-FR\"},{\"@type\":\"Organization\",\"@id\":\"https:\/\/chemins-essenciel.fr\/#organization\",\"name\":\"chemins-essenciel.fr\",\"url\":\"https:\/\/chemins-essenciel.fr\/\",\"sameAs\":[],\"logo\":{\"@type\":\"ImageObject\",\"inLanguage\":\"fr-FR\",\"@id\":\"https:\/\/chemins-essenciel.fr\/#\/schema\/logo\/image\/\",\"url\":\"https:\/\/chemins-essenciel.fr\/wp-content\/uploads\/2022\/03\/cropped-Illustration-2500px-transparent-1.png\",\"contentUrl\":\"https:\/\/chemins-essenciel.fr\/wp-content\/uploads\/2022\/03\/cropped-Illustration-2500px-transparent-1.png\",\"width\":2500,\"height\":1676,\"caption\":\"chemins-essenciel.fr\"},\"image\":{\"@id\":\"https:\/\/chemins-essenciel.fr\/#\/schema\/logo\/image\/\"}}]}<\/script>\n<!-- \/ Yoast SEO plugin. -->","yoast_head_json":{"title":"Et juste pour aujourd'hui - chemins-essenciel.fr","robots":{"index":"index","follow":"follow","max-snippet":"max-snippet:-1","max-image-preview":"max-image-preview:large","max-video-preview":"max-video-preview:-1"},"canonical":"https:\/\/chemins-essenciel.fr\/?page_id=629","og_locale":"fr_FR","og_type":"article","og_title":"Et juste pour aujourd'hui - chemins-essenciel.fr","og_description":"Et juste pour aujourd&rsquo;hui&#8230; Laissez-vous guider par votre intuition! S\u00e9lectionnez l&rsquo;image qui vous inspire et d\u00e9couvrez la citation qui y est associ\u00e9e. Gardez la en t\u00eate pour la journ\u00e9e, comme un mantra qui vous guide&#8230; &#8230;Juste pour aujourd&rsquo;hui","og_url":"https:\/\/chemins-essenciel.fr\/?page_id=629","og_site_name":"chemins-essenciel.fr","article_modified_time":"2022-04-10T20:28:00+00:00","twitter_card":"summary_large_image","schema":{"@context":"https:\/\/schema.org","@graph":[{"@type":"WebPage","@id":"https:\/\/chemins-essenciel.fr\/?page_id=629","url":"https:\/\/chemins-essenciel.fr\/?page_id=629","name":"Et juste pour aujourd'hui - chemins-essenciel.fr","isPartOf":{"@id":"https:\/\/chemins-essenciel.fr\/#website"},"datePublished":"2022-01-07T10:50:37+00:00","dateModified":"2022-04-10T20:28:00+00:00","breadcrumb":{"@id":"https:\/\/chemins-essenciel.fr\/?page_id=629#breadcrumb"},"inLanguage":"fr-FR","potentialAction":[{"@type":"ReadAction","target":["https:\/\/chemins-essenciel.fr\/?page_id=629"]}]},{"@type":"BreadcrumbList","@id":"https:\/\/chemins-essenciel.fr\/?page_id=629#breadcrumb","itemListElement":[{"@type":"ListItem","position":1,"name":"Accueil","item":"https:\/\/chemins-essenciel.fr\/"},{"@type":"ListItem","position":2,"name":"Les Chemins de l&rsquo;EssenCiel","item":"https:\/\/chemins-essenciel.fr\/"},{"@type":"ListItem","position":3,"name":"Et juste pour aujourd&rsquo;hui"}]},{"@type":"WebSite","@id":"https:\/\/chemins-essenciel.fr\/#website","url":"https:\/\/chemins-essenciel.fr\/","name":"chemins-essenciel.fr","description":"Just another WordPress site","publisher":{"@id":"https:\/\/chemins-essenciel.fr\/#organization"},"potentialAction":[{"@type":"SearchAction","target":{"@type":"EntryPoint","urlTemplate":"https:\/\/chemins-essenciel.fr\/?s={search_term_string}"},"query-input":"required name=search_term_string"}],"inLanguage":"fr-FR"},{"@type":"Organization","@id":"https:\/\/chemins-essenciel.fr\/#organization","name":"chemins-essenciel.fr","url":"https:\/\/chemins-essenciel.fr\/","sameAs":[],"logo":{"@type":"ImageObject","inLanguage":"fr-FR","@id":"https:\/\/chemins-essenciel.fr\/#\/schema\/logo\/image\/","url":"https:\/\/chemins-essenciel.fr\/wp-content\/uploads\/2022\/03\/cropped-Illustration-2500px-transparent-1.png","contentUrl":"https:\/\/chemins-essenciel.fr\/wp-content\/uploads\/2022\/03\/cropped-Illustration-2500px-transparent-1.png","width":2500,"height":1676,"caption":"chemins-essenciel.fr"},"image":{"@id":"https:\/\/chemins-essenciel.fr\/#\/schema\/logo\/image\/"}}]}},"_links":{"self":[{"href":"https:\/\/chemins-essenciel.fr\/index.php?rest_route=\/wp\/v2\/pages\/629","targetHints":{"allow":["GET"]}}],"collection":[{"href":"https:\/\/chemins-essenciel.fr\/index.php?rest_route=\/wp\/v2\/pages"}],"about":[{"href":"https:\/\/chemins-essenciel.fr\/index.php?rest_route=\/wp\/v2\/types\/page"}],"author":[{"embeddable":true,"href":"https:\/\/chemins-essenciel.fr\/index.php?rest_route=\/wp\/v2\/users\/1"}],"replies":[{"embeddable":true,"href":"https:\/\/chemins-essenciel.fr\/index.php?rest_route=%2Fwp%2Fv2%2Fcomments&post=629"}],"version-history":[{"count":48,"href":"https:\/\/chemins-essenciel.fr\/index.php?rest_route=\/wp\/v2\/pages\/629\/revisions"}],"predecessor-version":[{"id":1352,"href":"https:\/\/chemins-essenciel.fr\/index.php?rest_route=\/wp\/v2\/pages\/629\/revisions\/1352"}],"up":[{"embeddable":true,"href":"https:\/\/chemins-essenciel.fr\/index.php?rest_route=\/wp\/v2\/pages\/217"}],"wp:attachment":[{"href":"https:\/\/chemins-essenciel.fr\/index.php?rest_route=%2Fwp%2Fv2%2Fmedia&parent=629"}],"curies":[{"name":"wp","href":"https:\/\/api.w.org\/{rel}","templated":true}]}}