{"id":1495,"date":"2023-02-03T11:49:53","date_gmt":"2023-02-03T11:49:53","guid":{"rendered":"https:\/\/chemins-essenciel.fr\/?page_id=1495"},"modified":"2025-04-04T09:09:48","modified_gmt":"2025-04-04T09:09:48","slug":"sophro-famille","status":"publish","type":"page","link":"https:\/\/chemins-essenciel.fr\/?page_id=1495","title":{"rendered":"Le coin lecture des enfants"},"content":{"rendered":"\n<p>Pour tout renseignement ou commande, contactez moi ! <a href=\"mailto:laurie.schuchard-delecambre@outlook.fr\" target=\"_blank\" rel=\"noreferrer noopener\">laurie.schuchard-delecambre@outlook.fr<\/a><\/p>\n\n\n\n<p>Livraison gratuite possible secteur Meaux \/ Marne la Vall\u00e9e en Seine et Marne<\/p>\n\n\n\n<p>Ouvrages \u00e9galement disponibles sur Amazon <a href=\"https:\/\/www.amazon.fr\/stores\/author\/B0CN4FNB8S\/allbooks?ingress=0&amp;visitId=a43265f1-3b64-4f02-9109-1753b194bdad&amp;ref_=ap_rdr\">https:\/\/www.amazon.fr\/stores\/author\/B0CN4FNB8S\/allbooks?ingress=0&amp;visitId=a43265f1-3b64-4f02-9109-1753b194bdad&amp;ref_=ap_rdr<\/a><\/p>\n\n\n\n<h2 class=\"wp-block-heading\">Pr\u00e9paration mentale pour les 7-12 ans<\/h2>\n\n\n\n<figure class=\"wp-block-image size-large is-resized\"><img loading=\"lazy\" decoding=\"async\" src=\"http:\/\/chemins-essenciel.fr\/wp-content\/uploads\/2025\/04\/Web-BMX-1024x576.png\" alt=\"\" class=\"wp-image-1551\" width=\"1203\" height=\"677\" srcset=\"https:\/\/chemins-essenciel.fr\/wp-content\/uploads\/2025\/04\/Web-BMX-1024x576.png 1024w, https:\/\/chemins-essenciel.fr\/wp-content\/uploads\/2025\/04\/Web-BMX-300x169.png 300w, https:\/\/chemins-essenciel.fr\/wp-content\/uploads\/2025\/04\/Web-BMX-768x432.png 768w, https:\/\/chemins-essenciel.fr\/wp-content\/uploads\/2025\/04\/Web-BMX-1536x864.png 1536w, https:\/\/chemins-essenciel.fr\/wp-content\/uploads\/2025\/04\/Web-BMX-2048x1151.png 2048w\" sizes=\"auto, (max-width: 1203px) 100vw, 1203px\" \/><figcaption class=\"wp-element-caption\">Conte Sophrologique pour pr\u00e9parer les \u00e9v\u00e8nements importants avec confiance<\/figcaption><\/figure>\n\n\n\n<p>Au-del\u00e0 des aventures v\u00e9cues par L\u00e9on, le h\u00e9ros de l&rsquo;histoire, ce livre est un v\u00e9ritable outil pour permettre \u00e0 votre enfant d&rsquo;apprendre \u00e0 identifier les \u00e9motions et \u00e0 ma\u00eetriser des techniques de Sophrologie (une relaxation dynamique et une visualisation) pour les apaiser.<\/p>\n\n\n\n<p>Il lui sera d&rsquo;une grande utilit\u00e9 pour pr\u00e9parer des \u00e9v\u00e8nements tels que les comp\u00e9titions sportives ou spectacles de fin d&rsquo;ann\u00e9e, mais aussi pour des \u00e9v\u00e8nements du quotidien comme les contr\u00f4les ou expos\u00e9s en classe.<\/p>\n\n\n\n<h2 class=\"wp-block-heading\">Aborder les \u00e9motions pour les 6-10 ans<\/h2>\n\n\n\n<figure class=\"wp-block-image size-large\"><img loading=\"lazy\" decoding=\"async\" width=\"1024\" height=\"576\" src=\"http:\/\/chemins-essenciel.fr\/wp-content\/uploads\/2025\/04\/Web-Noel-1024x576.png\" alt=\"\" class=\"wp-image-1553\" srcset=\"https:\/\/chemins-essenciel.fr\/wp-content\/uploads\/2025\/04\/Web-Noel-1024x576.png 1024w, https:\/\/chemins-essenciel.fr\/wp-content\/uploads\/2025\/04\/Web-Noel-300x169.png 300w, https:\/\/chemins-essenciel.fr\/wp-content\/uploads\/2025\/04\/Web-Noel-768x432.png 768w, https:\/\/chemins-essenciel.fr\/wp-content\/uploads\/2025\/04\/Web-Noel.png 1366w\" sizes=\"auto, (max-width: 1024px) 100vw, 1024px\" \/><figcaption class=\"wp-element-caption\">Conte Sophrologique pour attendre No\u00ebl en toute s\u00e9r\u00e9nit\u00e9<\/figcaption><\/figure>\n\n\n\n<p>Avec ce conte, votre enfant apprendra \u00e0 d\u00e9m\u00ealer les \u00e9motions qui peuvent l&rsquo;envahir \u00e0 l&rsquo;approche des f\u00eates de fin d&rsquo;ann\u00e9e. Une relaxation dynamique et une visualisation l&rsquo;aideront \u00e0 apaiser ces \u00e9motions quand elles deviennent trop pr\u00e9sentes !<\/p>\n\n\n\n<p>Ce livre lui sera tr\u00e8s utile \u00e0 l&rsquo;approche de la p\u00e9riode des f\u00eates de fin d&rsquo;ann\u00e9e, et bien au-del\u00e0,  les exercices \u00e9tant efficaces tout le reste de l&rsquo;ann\u00e9e !<\/p>\n\n\n\n<h2 class=\"wp-block-heading\">Aborder le deuil pour les 3-7 ans<\/h2>\n\n\n\n<figure class=\"wp-block-image size-large\"><img loading=\"lazy\" decoding=\"async\" width=\"1024\" height=\"576\" src=\"http:\/\/chemins-essenciel.fr\/wp-content\/uploads\/2025\/04\/Web-etoile-1024x576.png\" alt=\"\" class=\"wp-image-1552\" srcset=\"https:\/\/chemins-essenciel.fr\/wp-content\/uploads\/2025\/04\/Web-etoile-1024x576.png 1024w, https:\/\/chemins-essenciel.fr\/wp-content\/uploads\/2025\/04\/Web-etoile-300x169.png 300w, https:\/\/chemins-essenciel.fr\/wp-content\/uploads\/2025\/04\/Web-etoile-768x432.png 768w, https:\/\/chemins-essenciel.fr\/wp-content\/uploads\/2025\/04\/Web-etoile.png 1366w\" sizes=\"auto, (max-width: 1024px) 100vw, 1024px\" \/><figcaption class=\"wp-element-caption\">Conte pour laisser les \u00e9motions li\u00e9es au deuil s&rsquo;exprimer<\/figcaption><\/figure>\n\n\n\n<p>Cette histoire \u00e9crite avec mon fils a\u00een\u00e9 alors \u00e2g\u00e9 de 3 ans aborde le th\u00e8me la mort et du deuil vu au travers des yeux d&rsquo;un enfant.<\/p>\n\n\n\n<p>Ce livre est un support pour aborder le sujet d\u00e9licat du deuil et permettra aux lecteurs de laisser s&rsquo;exprimer les \u00e9motions travers\u00e9es durant cette p\u00e9riode difficile.<\/p>\n\n\n","protected":false},"excerpt":{"rendered":"<p>Pour tout renseignement ou commande, contactez moi ! laurie.schuchard-delecambre@outlook.fr Livraison gratuite possible secteur Meaux \/ Marne la Vall\u00e9e en Seine et Marne Ouvrages \u00e9galement disponibles sur Amazon https:\/\/www.amazon.fr\/stores\/author\/B0CN4FNB8S\/allbooks?ingress=0&amp;visitId=a43265f1-3b64-4f02-9109-1753b194bdad&amp;ref_=ap_rdr Pr\u00e9paration mentale pour les 7-12 ans Au-del\u00e0 des aventures v\u00e9cues par L\u00e9on, le h\u00e9ros de l&rsquo;histoire, ce livre est un v\u00e9ritable outil pour permettre \u00e0 votre enfant [&hellip;]<\/p>\n","protected":false},"author":1,"featured_media":0,"parent":0,"menu_order":0,"comment_status":"closed","ping_status":"closed","template":"","meta":{"om_disable_all_campaigns":false,"_monsterinsights_skip_tracking":false,"_monsterinsights_sitenote_active":false,"_monsterinsights_sitenote_note":"","_monsterinsights_sitenote_category":0,"site-sidebar-layout":"default","site-content-layout":"","ast-site-content-layout":"default","site-content-style":"default","site-sidebar-style":"default","ast-global-header-display":"","ast-banner-title-visibility":"","ast-main-header-display":"","ast-hfb-above-header-display":"","ast-hfb-below-header-display":"","ast-hfb-mobile-header-display":"","site-post-title":"","ast-breadcrumbs-content":"","ast-featured-img":"","footer-sml-layout":"","theme-transparent-header-meta":"","adv-header-id-meta":"","stick-header-meta":"","header-above-stick-meta":"","header-main-stick-meta":"","header-below-stick-meta":"","astra-migrate-meta-layouts":"default","ast-page-background-enabled":"default","ast-page-background-meta":{"desktop":{"background-color":"","background-image":"","background-repeat":"repeat","background-position":"center center","background-size":"auto","background-attachment":"scroll","background-type":"","background-media":"","overlay-type":"","overlay-color":"","overlay-opacity":"","overlay-gradient":""},"tablet":{"background-color":"","background-image":"","background-repeat":"repeat","background-position":"center center","background-size":"auto","background-attachment":"scroll","background-type":"","background-media":"","overlay-type":"","overlay-color":"","overlay-opacity":"","overlay-gradient":""},"mobile":{"background-color":"","background-image":"","background-repeat":"repeat","background-position":"center center","background-size":"auto","background-attachment":"scroll","background-type":"","background-media":"","overlay-type":"","overlay-color":"","overlay-opacity":"","overlay-gradient":""}},"ast-content-background-meta":{"desktop":{"background-color":"var(--ast-global-color-5)","background-image":"","background-repeat":"repeat","background-position":"center center","background-size":"auto","background-attachment":"scroll","background-type":"","background-media":"","overlay-type":"","overlay-color":"","overlay-opacity":"","overlay-gradient":""},"tablet":{"background-color":"var(--ast-global-color-5)","background-image":"","background-repeat":"repeat","background-position":"center center","background-size":"auto","background-attachment":"scroll","background-type":"","background-media":"","overlay-type":"","overlay-color":"","overlay-opacity":"","overlay-gradient":""},"mobile":{"background-color":"var(--ast-global-color-5)","background-image":"","background-repeat":"repeat","background-position":"center center","background-size":"auto","background-attachment":"scroll","background-type":"","background-media":"","overlay-type":"","overlay-color":"","overlay-opacity":"","overlay-gradient":""}},"footnotes":""},"class_list":["post-1495","page","type-page","status-publish","hentry"],"yoast_head":"<!-- This site is optimized with the Yoast SEO plugin v19.8 - https:\/\/yoast.com\/wordpress\/plugins\/seo\/ -->\n<title>Le coin lecture des enfants - chemins-essenciel.fr<\/title>\n<meta name=\"robots\" content=\"index, follow, max-snippet:-1, max-image-preview:large, max-video-preview:-1\" \/>\n<link rel=\"canonical\" href=\"https:\/\/chemins-essenciel.fr\/?page_id=1495\" \/>\n<meta property=\"og:locale\" content=\"fr_FR\" \/>\n<meta property=\"og:type\" content=\"article\" \/>\n<meta property=\"og:title\" content=\"Le coin lecture des enfants - chemins-essenciel.fr\" \/>\n<meta property=\"og:description\" content=\"Pour tout renseignement ou commande, contactez moi ! laurie.schuchard-delecambre@outlook.fr Livraison gratuite possible secteur Meaux \/ Marne la Vall\u00e9e en Seine et Marne Ouvrages \u00e9galement disponibles sur Amazon https:\/\/www.amazon.fr\/stores\/author\/B0CN4FNB8S\/allbooks?ingress=0&amp;visitId=a43265f1-3b64-4f02-9109-1753b194bdad&amp;ref_=ap_rdr Pr\u00e9paration mentale pour les 7-12 ans Au-del\u00e0 des aventures v\u00e9cues par L\u00e9on, le h\u00e9ros de l&rsquo;histoire, ce livre est un v\u00e9ritable outil pour permettre \u00e0 votre enfant [&hellip;]\" \/>\n<meta property=\"og:url\" content=\"https:\/\/chemins-essenciel.fr\/?page_id=1495\" \/>\n<meta property=\"og:site_name\" content=\"chemins-essenciel.fr\" \/>\n<meta property=\"article:modified_time\" content=\"2025-04-04T09:09:48+00:00\" \/>\n<meta property=\"og:image\" content=\"http:\/\/chemins-essenciel.fr\/wp-content\/uploads\/2025\/04\/Web-BMX-1024x576.png\" \/>\n<meta name=\"twitter:card\" content=\"summary_large_image\" \/>\n<meta name=\"twitter:label1\" content=\"Dur\u00e9e de lecture estim\u00e9e\" \/>\n\t<meta name=\"twitter:data1\" content=\"2 minutes\" \/>\n<script type=\"application\/ld+json\" class=\"yoast-schema-graph\">{\"@context\":\"https:\/\/schema.org\",\"@graph\":[{\"@type\":\"WebPage\",\"@id\":\"https:\/\/chemins-essenciel.fr\/?page_id=1495\",\"url\":\"https:\/\/chemins-essenciel.fr\/?page_id=1495\",\"name\":\"Le coin lecture des enfants - chemins-essenciel.fr\",\"isPartOf\":{\"@id\":\"https:\/\/chemins-essenciel.fr\/#website\"},\"datePublished\":\"2023-02-03T11:49:53+00:00\",\"dateModified\":\"2025-04-04T09:09:48+00:00\",\"breadcrumb\":{\"@id\":\"https:\/\/chemins-essenciel.fr\/?page_id=1495#breadcrumb\"},\"inLanguage\":\"fr-FR\",\"potentialAction\":[{\"@type\":\"ReadAction\",\"target\":[\"https:\/\/chemins-essenciel.fr\/?page_id=1495\"]}]},{\"@type\":\"BreadcrumbList\",\"@id\":\"https:\/\/chemins-essenciel.fr\/?page_id=1495#breadcrumb\",\"itemListElement\":[{\"@type\":\"ListItem\",\"position\":1,\"name\":\"Accueil\",\"item\":\"https:\/\/chemins-essenciel.fr\/\"},{\"@type\":\"ListItem\",\"position\":2,\"name\":\"Le coin lecture des enfants\"}]},{\"@type\":\"WebSite\",\"@id\":\"https:\/\/chemins-essenciel.fr\/#website\",\"url\":\"https:\/\/chemins-essenciel.fr\/\",\"name\":\"chemins-essenciel.fr\",\"description\":\"Just another WordPress site\",\"publisher\":{\"@id\":\"https:\/\/chemins-essenciel.fr\/#organization\"},\"potentialAction\":[{\"@type\":\"SearchAction\",\"target\":{\"@type\":\"EntryPoint\",\"urlTemplate\":\"https:\/\/chemins-essenciel.fr\/?s={search_term_string}\"},\"query-input\":\"required name=search_term_string\"}],\"inLanguage\":\"fr-FR\"},{\"@type\":\"Organization\",\"@id\":\"https:\/\/chemins-essenciel.fr\/#organization\",\"name\":\"chemins-essenciel.fr\",\"url\":\"https:\/\/chemins-essenciel.fr\/\",\"sameAs\":[],\"logo\":{\"@type\":\"ImageObject\",\"inLanguage\":\"fr-FR\",\"@id\":\"https:\/\/chemins-essenciel.fr\/#\/schema\/logo\/image\/\",\"url\":\"https:\/\/chemins-essenciel.fr\/wp-content\/uploads\/2022\/03\/cropped-Illustration-2500px-transparent-1.png\",\"contentUrl\":\"https:\/\/chemins-essenciel.fr\/wp-content\/uploads\/2022\/03\/cropped-Illustration-2500px-transparent-1.png\",\"width\":2500,\"height\":1676,\"caption\":\"chemins-essenciel.fr\"},\"image\":{\"@id\":\"https:\/\/chemins-essenciel.fr\/#\/schema\/logo\/image\/\"}}]}<\/script>\n<!-- \/ Yoast SEO plugin. -->","yoast_head_json":{"title":"Le coin lecture des enfants - chemins-essenciel.fr","robots":{"index":"index","follow":"follow","max-snippet":"max-snippet:-1","max-image-preview":"max-image-preview:large","max-video-preview":"max-video-preview:-1"},"canonical":"https:\/\/chemins-essenciel.fr\/?page_id=1495","og_locale":"fr_FR","og_type":"article","og_title":"Le coin lecture des enfants - chemins-essenciel.fr","og_description":"Pour tout renseignement ou commande, contactez moi ! laurie.schuchard-delecambre@outlook.fr Livraison gratuite possible secteur Meaux \/ Marne la Vall\u00e9e en Seine et Marne Ouvrages \u00e9galement disponibles sur Amazon https:\/\/www.amazon.fr\/stores\/author\/B0CN4FNB8S\/allbooks?ingress=0&amp;visitId=a43265f1-3b64-4f02-9109-1753b194bdad&amp;ref_=ap_rdr Pr\u00e9paration mentale pour les 7-12 ans Au-del\u00e0 des aventures v\u00e9cues par L\u00e9on, le h\u00e9ros de l&rsquo;histoire, ce livre est un v\u00e9ritable outil pour permettre \u00e0 votre enfant [&hellip;]","og_url":"https:\/\/chemins-essenciel.fr\/?page_id=1495","og_site_name":"chemins-essenciel.fr","article_modified_time":"2025-04-04T09:09:48+00:00","og_image":[{"url":"http:\/\/chemins-essenciel.fr\/wp-content\/uploads\/2025\/04\/Web-BMX-1024x576.png"}],"twitter_card":"summary_large_image","twitter_misc":{"Dur\u00e9e de lecture estim\u00e9e":"2 minutes"},"schema":{"@context":"https:\/\/schema.org","@graph":[{"@type":"WebPage","@id":"https:\/\/chemins-essenciel.fr\/?page_id=1495","url":"https:\/\/chemins-essenciel.fr\/?page_id=1495","name":"Le coin lecture des enfants - chemins-essenciel.fr","isPartOf":{"@id":"https:\/\/chemins-essenciel.fr\/#website"},"datePublished":"2023-02-03T11:49:53+00:00","dateModified":"2025-04-04T09:09:48+00:00","breadcrumb":{"@id":"https:\/\/chemins-essenciel.fr\/?page_id=1495#breadcrumb"},"inLanguage":"fr-FR","potentialAction":[{"@type":"ReadAction","target":["https:\/\/chemins-essenciel.fr\/?page_id=1495"]}]},{"@type":"BreadcrumbList","@id":"https:\/\/chemins-essenciel.fr\/?page_id=1495#breadcrumb","itemListElement":[{"@type":"ListItem","position":1,"name":"Accueil","item":"https:\/\/chemins-essenciel.fr\/"},{"@type":"ListItem","position":2,"name":"Le coin lecture des enfants"}]},{"@type":"WebSite","@id":"https:\/\/chemins-essenciel.fr\/#website","url":"https:\/\/chemins-essenciel.fr\/","name":"chemins-essenciel.fr","description":"Just another WordPress site","publisher":{"@id":"https:\/\/chemins-essenciel.fr\/#organization"},"potentialAction":[{"@type":"SearchAction","target":{"@type":"EntryPoint","urlTemplate":"https:\/\/chemins-essenciel.fr\/?s={search_term_string}"},"query-input":"required name=search_term_string"}],"inLanguage":"fr-FR"},{"@type":"Organization","@id":"https:\/\/chemins-essenciel.fr\/#organization","name":"chemins-essenciel.fr","url":"https:\/\/chemins-essenciel.fr\/","sameAs":[],"logo":{"@type":"ImageObject","inLanguage":"fr-FR","@id":"https:\/\/chemins-essenciel.fr\/#\/schema\/logo\/image\/","url":"https:\/\/chemins-essenciel.fr\/wp-content\/uploads\/2022\/03\/cropped-Illustration-2500px-transparent-1.png","contentUrl":"https:\/\/chemins-essenciel.fr\/wp-content\/uploads\/2022\/03\/cropped-Illustration-2500px-transparent-1.png","width":2500,"height":1676,"caption":"chemins-essenciel.fr"},"image":{"@id":"https:\/\/chemins-essenciel.fr\/#\/schema\/logo\/image\/"}}]}},"_links":{"self":[{"href":"https:\/\/chemins-essenciel.fr\/index.php?rest_route=\/wp\/v2\/pages\/1495","targetHints":{"allow":["GET"]}}],"collection":[{"href":"https:\/\/chemins-essenciel.fr\/index.php?rest_route=\/wp\/v2\/pages"}],"about":[{"href":"https:\/\/chemins-essenciel.fr\/index.php?rest_route=\/wp\/v2\/types\/page"}],"author":[{"embeddable":true,"href":"https:\/\/chemins-essenciel.fr\/index.php?rest_route=\/wp\/v2\/users\/1"}],"replies":[{"embeddable":true,"href":"https:\/\/chemins-essenciel.fr\/index.php?rest_route=%2Fwp%2Fv2%2Fcomments&post=1495"}],"version-history":[{"count":9,"href":"https:\/\/chemins-essenciel.fr\/index.php?rest_route=\/wp\/v2\/pages\/1495\/revisions"}],"predecessor-version":[{"id":1561,"href":"https:\/\/chemins-essenciel.fr\/index.php?rest_route=\/wp\/v2\/pages\/1495\/revisions\/1561"}],"wp:attachment":[{"href":"https:\/\/chemins-essenciel.fr\/index.php?rest_route=%2Fwp%2Fv2%2Fmedia&parent=1495"}],"curies":[{"name":"wp","href":"https:\/\/api.w.org\/{rel}","templated":true}]}}